{"id":85,"date":"2025-08-09T08:40:31","date_gmt":"2025-08-09T08:40:31","guid":{"rendered":"http:\/\/astdaikido.fr\/?page_id=85"},"modified":"2025-09-30T18:41:20","modified_gmt":"2025-09-30T18:41:20","slug":"agenda","status":"publish","type":"page","link":"https:\/\/astdaikido.fr\/?page_id=85","title":{"rendered":"Agenda"},"content":{"rendered":"\n    \n    <section class=\"u-clearfix u-image u-shading u-section-2\" id=\"sec-88a2\" data-image-width=\"1600\" data-image-height=\"1200\" style=\"background-image: linear-gradient(rgba(26, 26, 26, 0.35), rgba(26, 26, 26, 0.35)), url(&quot;https:\/\/astdaikido.fr\/wp-content\/uploads\/2025\/08\/Photo24-06-20252217372.jpg&quot;);\">\n      <div class=\"u-clearfix u-sheet u-valign-middle-lg u-valign-middle-md u-valign-middle-sm u-valign-middle-xs u-sheet-1\">\n        <div class=\"data-layout-selected u-clearfix u-expanded-width u-gutter-20 u-layout-wrap u-layout-wrap-1\">\n          <div class=\"u-gutter-0 u-layout\">\n            <div class=\"u-layout-row\">\n              <div class=\"u-container-style u-layout-cell u-shape-rectangle u-size-28-lg u-size-33-xl u-size-60-md u-size-60-sm u-size-60-xs u-layout-cell-1\">\n                <div class=\"u-container-layout u-container-layout-1\">\n                  <h1 class=\"u-align-left u-text u-text-1\">Agenda<\/h1>\n                <\/div>\n              <\/div>\n              <div class=\"u-container-align-left u-container-style u-layout-cell u-shape-rectangle u-size-27-xl u-size-32-lg u-size-60-md u-size-60-sm u-size-60-xs u-layout-cell-2\">\n                <div class=\"u-container-layout u-valign-bottom u-container-layout-2\">\n                  <p class=\"u-align-left u-text u-text-default u-text-2\">L'ASTD A\u00efkido participe et anime de nombreux \u00e9v\u00e8nements chaque ann\u00e9e. Retrouvez ici toutes les informations! <br>&nbsp;\u00a9 Agn\u00e8s Borlet&nbsp;&nbsp;<br>\n                  <\/p>\n                <\/div>\n              <\/div>\n            <\/div>\n          <\/div>\n        <\/div>\n      <\/div>\n    <\/section>\n    <section class=\"u-clearfix u-section-3\" id=\"sec-5096\">\n      <div class=\"u-clearfix u-sheet u-valign-middle-xs u-sheet-1\">\n        <div class=\"u-palette-1-base u-shape u-shape-rectangle u-shape-1\"><\/div>\n        <div class=\"data-layout-selected u-clearfix u-layout-wrap u-layout-wrap-1\">\n          <div class=\"u-layout\">\n            <div class=\"u-layout-row\">\n              <div class=\"u-align-left u-container-align-left u-container-style u-layout-cell u-left-cell u-size-30 u-layout-cell-1\">\n                <div class=\"u-container-layout u-container-layout-1\">\n                  <div class=\"u-align-center u-container-align-center u-container-style u-expanded-width u-group u-white u-group-1\">\n                    <div class=\"u-container-layout u-container-layout-2\">\n                      <h2 class=\"u-text u-text-1\">Stage F\u00e9d\u00e9ral<br>Saint Pol de Leon\n                      <\/h2>\n                      <p class=\"u-text u-text-2\">L'ASTD A\u00efkido participe les 27 et 28 septembre 2025 au stage annuel anim\u00e9 par Patrice Morand et Yvan Baptiste au Kiai club de Saint Pol de Leon<\/p>\n                    <\/div>\n                  <\/div>\n                <\/div>\n              <\/div>\n              <div class=\"u-container-style u-image u-layout-cell u-right-cell u-size-30 u-image-1\" data-image-width=\"556\" data-image-height=\"810\" style=\"background-image: url(&quot;https:\/\/astdaikido.fr\/wp-content\/uploads\/2025\/09\/stagesaintpol2025.png?_t=1759257627&quot;);\">\n                <div class=\"u-container-layout u-valign-bottom u-container-layout-3\"><\/div>\n              <\/div>\n            <\/div>\n          <\/div>\n        <\/div>\n      <\/div>\n    <\/section>\n    <section class=\"u-clearfix u-section-4\" id=\"sec-e619\">\n      <div class=\"u-clearfix u-sheet u-valign-middle-md u-valign-middle-xl u-sheet-1\">\n        <div class=\"custom-expanded u-palette-1-base u-shape u-shape-rectangle u-shape-1\"><\/div>\n        <div class=\"data-layout-selected u-clearfix u-expanded-width-sm u-expanded-width-xs u-layout-wrap u-layout-wrap-1\">\n          <div class=\"u-layout\">\n            <div class=\"u-layout-row\">\n              <div class=\"u-align-left u-container-align-left u-container-style u-layout-cell u-left-cell u-size-29 u-layout-cell-1\">\n                <div class=\"u-container-layout u-container-layout-1\">\n                  <div class=\"u-align-center u-container-align-center u-container-style u-expanded-width u-group u-white u-group-1\">\n                    <div class=\"u-container-layout u-container-layout-2\">\n                      <h2 class=\"u-text u-text-1\">Mini-stage A\u00efkitaiso\/A\u00efkido<\/h2>\n                      <p class=\"u-text u-text-2\">29 juin de 10h \u00e0 midi au dojo du POMS<br>1h a\u00efkitaiso, 1h a\u00efkido<br>Non-licenci\u00e9s: 10\n\u20ac\n pour 1h, 15\n\u20ac\n pour les deux \n                      <\/p>\n                    <\/div>\n                  <\/div>\n                <\/div>\n              <\/div>\n              <div class=\"u-container-style u-image u-layout-cell u-right-cell u-size-31 u-image-1\" data-image-width=\"3200\" data-image-height=\"4800\" style=\"background-image: url(&quot;https:\/\/astdaikido.fr\/wp-content\/uploads\/2025\/08\/DSC_4342.jpg&quot;);\">\n                <div class=\"u-container-layout u-valign-bottom u-container-layout-3\"><\/div>\n              <\/div>\n            <\/div>\n          <\/div>\n        <\/div>\n        <p class=\"u-small-text u-text u-text-body-alt-color u-text-default u-text-variant u-text-3\"> \u00a9 Agn\u00e8s Borlet&nbsp;&nbsp;<\/p>\n      <\/div>\n    <\/section>\n    <section class=\"u-black u-clearfix u-valign-top-lg u-valign-top-md u-section-5\" id=\"sec-0d39\">\n      <div class=\"u-expanded-width u-radius u-shape u-shape-round u-white u-shape-1\"><\/div>\n      <div class=\"custom-expanded data-layout-selected u-clearfix u-gutter-30 u-layout-wrap u-layout-wrap-1\">\n        <div class=\"u-gutter-0 u-layout\">\n          <div class=\"u-layout-col\">\n            <div class=\"u-size-20\">\n              <div class=\"u-layout-row\">\n                <div class=\"u-container-align-center u-container-style u-image u-layout-cell u-size-40 u-image-1\" data-image-width=\"4800\" data-image-height=\"3200\" style=\"background-image: url(&quot;https:\/\/astdaikido.fr\/wp-content\/uploads\/2025\/08\/DSC_4267.jpg&quot;);\">\n                  <div class=\"u-container-layout u-container-layout-1\"><\/div>\n                <\/div>\n                <div class=\"u-container-align-center u-container-style u-image u-layout-cell u-size-20 u-image-2\" data-image-width=\"4800\" data-image-height=\"3200\" style=\"background-image: url(&quot;https:\/\/astdaikido.fr\/wp-content\/uploads\/2025\/08\/DSC_4278.jpg&quot;);\">\n                  <div class=\"u-container-layout u-container-layout-2\"><\/div>\n                <\/div>\n              <\/div>\n            <\/div>\n            <div class=\"u-size-20\">\n              <div class=\"u-layout-row\">\n                <div class=\"u-container-align-center u-container-style u-image u-layout-cell u-size-20 u-image-3\" data-image-width=\"4800\" data-image-height=\"3200\" style=\"background-image: url(&quot;https:\/\/astdaikido.fr\/wp-content\/uploads\/2025\/08\/DSC_4291.jpg&quot;);\">\n                  <div class=\"u-container-layout u-container-layout-3\"><\/div>\n                <\/div>\n                <div class=\"u-container-align-center u-container-style u-image u-layout-cell u-size-40 u-image-4\" data-image-width=\"4800\" data-image-height=\"3200\" style=\"background-image: url(&quot;https:\/\/astdaikido.fr\/wp-content\/uploads\/2025\/08\/DSC_4287.jpg&quot;);\">\n                  <div class=\"u-container-layout u-container-layout-4\"><\/div>\n                <\/div>\n              <\/div>\n            <\/div>\n            <div class=\"u-size-20\">\n              <div class=\"u-layout-row\">\n                <div class=\"u-container-align-center u-container-style u-image u-layout-cell u-size-40 u-image-5\" data-image-width=\"4800\" data-image-height=\"3200\" style=\"background-image: url(&quot;https:\/\/astdaikido.fr\/wp-content\/uploads\/2025\/08\/DSC_4297.jpg&quot;);\">\n                  <div class=\"u-container-layout u-container-layout-5\"><\/div>\n                <\/div>\n                <div class=\"u-container-align-center u-container-style u-image u-layout-cell u-size-20 u-image-6\" data-image-width=\"4800\" data-image-height=\"3200\" style=\"background-image: url(&quot;https:\/\/astdaikido.fr\/wp-content\/uploads\/2025\/08\/DSC_4320.jpg&quot;);\">\n                  <div class=\"u-container-layout u-container-layout-6\"><\/div>\n                <\/div>\n              <\/div>\n            <\/div>\n          <\/div>\n        <\/div>\n      <\/div>\n      <p class=\"u-small-text u-text u-text-default u-text-variant u-text-1\"> \u00a9 Agn\u00e8s Borlet&nbsp;&nbsp;<\/p>\n    <\/section>\n    <section class=\"u-clearfix u-section-6\" id=\"sec-999e\">\n      <div class=\"u-clearfix u-sheet u-valign-middle-xs u-sheet-1\">\n        <div class=\"u-palette-1-base u-shape u-shape-rectangle u-shape-1\"><\/div>\n        <div class=\"data-layout-selected u-clearfix u-layout-wrap u-layout-wrap-1\">\n          <div class=\"u-layout\">\n            <div class=\"u-layout-row\">\n              <div class=\"u-align-left u-container-align-left u-container-style u-layout-cell u-left-cell u-size-29 u-layout-cell-1\">\n                <div class=\"u-container-layout u-container-layout-1\">\n                  <div class=\"u-align-center u-container-align-center u-container-style u-expanded-width u-group u-white u-group-1\">\n                    <div class=\"u-container-layout u-container-layout-2\">\n                      <h2 class=\"u-text u-text-1\">Stage F\u00e9d\u00e9ral Deauville<\/h2>\n                      <p class=\"u-text u-text-2\">L'ASTD A\u00efkido accueille les 3 et 4 mai 2025 son stage annuel anim\u00e9 par Patrice Morand et Yvan Baptiste<\/p>\n                    <\/div>\n                  <\/div>\n                <\/div>\n              <\/div>\n              <div class=\"u-container-style u-image u-layout-cell u-right-cell u-size-31 u-image-1\" data-image-width=\"1182\" data-image-height=\"1652\" style=\"background-image: url(&quot;https:\/\/astdaikido.fr\/wp-content\/uploads\/2025\/08\/affichestageannuel2025.png&quot;);\">\n                <div class=\"u-container-layout u-valign-bottom u-container-layout-3\"><\/div>\n              <\/div>\n            <\/div>\n          <\/div>\n        <\/div>\n      <\/div>\n    <\/section>\n    <section class=\"u-black u-clearfix u-valign-top u-section-7\" id=\"sec-74fb\">\n      <div class=\"u-expanded-width u-radius u-shape u-shape-round u-white u-shape-1\"><\/div>\n      <div class=\"custom-expanded data-layout-selected u-clearfix u-gutter-30 u-layout-wrap u-layout-wrap-1\">\n        <div class=\"u-gutter-0 u-layout\">\n          <div class=\"u-layout-col\">\n            <div class=\"u-size-20\">\n              <div class=\"u-layout-row\">\n                <div class=\"u-container-align-center u-container-style u-image u-layout-cell u-size-40 u-image-1\" style=\"background-image: url(&quot;https:\/\/astdaikido.fr\/wp-content\/uploads\/2025\/08\/stagemai2025Groupe.jpg&quot;);\">\n                  <div class=\"u-container-layout u-container-layout-1\"><\/div>\n                <\/div>\n                <div class=\"u-container-align-center u-container-style u-image u-layout-cell u-size-20 u-image-2\" style=\"background-image: url(&quot;https:\/\/astdaikido.fr\/wp-content\/uploads\/2025\/08\/stagemai20258.jpg&quot;);\">\n                  <div class=\"u-container-layout u-container-layout-2\"><\/div>\n                <\/div>\n              <\/div>\n            <\/div>\n            <div class=\"u-size-20\">\n              <div class=\"u-layout-row\">\n                <div class=\"u-container-align-center u-container-style u-image u-layout-cell u-size-20 u-image-3\" style=\"background-image: url(&quot;https:\/\/astdaikido.fr\/wp-content\/uploads\/2025\/08\/stagemai20255.jpg&quot;);\">\n                  <div class=\"u-container-layout u-container-layout-3\"><\/div>\n                <\/div>\n                <div class=\"u-container-align-center u-container-style u-image u-layout-cell u-size-40 u-image-4\" data-image-width=\"1920\" data-image-height=\"1080\" style=\"background-image: url(&quot;https:\/\/astdaikido.fr\/wp-content\/uploads\/2025\/08\/stagemai20254.jpg&quot;);\">\n                  <div class=\"u-container-layout u-container-layout-4\"><\/div>\n                <\/div>\n              <\/div>\n            <\/div>\n            <div class=\"u-size-20\">\n              <div class=\"u-layout-row\">\n                <div class=\"u-container-align-center u-container-style u-image u-layout-cell u-size-40 u-image-5\" data-image-width=\"1920\" data-image-height=\"1080\" style=\"background-image: url(&quot;https:\/\/astdaikido.fr\/wp-content\/uploads\/2025\/08\/stagemai20256.jpg&quot;);\">\n                  <div class=\"u-container-layout u-container-layout-5\"><\/div>\n                <\/div>\n                <div class=\"u-container-align-center u-container-style u-image u-layout-cell u-size-20 u-image-6\" data-image-width=\"1920\" data-image-height=\"1080\" style=\"background-image: url(&quot;https:\/\/astdaikido.fr\/wp-content\/uploads\/2025\/08\/stagemai20253.jpg&quot;);\">\n                  <div class=\"u-container-layout u-container-layout-6\"><\/div>\n                <\/div>\n              <\/div>\n            <\/div>\n          <\/div>\n        <\/div>\n      <\/div>\n      <p class=\"u-small-text u-text u-text-default u-text-variant u-text-1\"> \u00a9 Brice Guiader&nbsp;&nbsp;<\/p>\n    <\/section>\n    <section class=\"u-clearfix u-image u-shading u-section-8\" id=\"block-1\" style=\"background-image: linear-gradient(rgba(0, 0, 0, 0.2), rgba(0, 0, 0, 0.2)), url(&quot;https:\/\/astdaikido.fr\/wp-content\/uploads\/2025\/08\/Pattern.jpeg&quot;);\">\n      <div class=\"u-clearfix u-sheet u-sheet-1\">\n        <div class=\"u-expanded-width u-list u-list-1\">\n          <div class=\"u-repeater u-repeater-1\">\n            <div class=\"u-container-style u-list-item u-repeater-item\">\n              <div class=\"u-container-layout u-similar-container u-container-layout-1\">\n                <a href=\"\" class=\"u-align-center u-border-none u-btn u-button-style u-hover-black u-palette-1-base u-btn-1\">accueil <\/a>\n              <\/div>\n            <\/div>\n            <div class=\"u-container-style u-list-item u-repeater-item\">\n              <div class=\"u-container-layout u-similar-container u-container-layout-2\">\n                <a href=\"https:\/\/www.ghaan.com\/stages\" class=\"u-align-center u-border-none u-btn u-button-style u-hover-black u-palette-1-base u-btn-2\" title=\"Stages GHAAN\" target=\"_blank\">stages ghaan <\/a>\n              <\/div>\n            <\/div>\n            <div class=\"u-container-style u-list-item u-repeater-item\">\n              <div class=\"u-container-layout u-similar-container u-container-layout-3\">\n                <a href=\"https:\/\/www.ffabaikido.fr\/fr\/stages_aikido.php\" class=\"u-align-center u-border-none u-btn u-button-style u-hover-black u-palette-1-base u-btn-3\" title=\"Stages FFAB\" target=\"_blank\">stages ffab <\/a>\n              <\/div>\n            <\/div>\n          <\/div>\n        <\/div>\n      <\/div>\n    <\/section>\n    \n    \n    \n    \n  \n","protected":false},"excerpt":{"rendered":"<p>Agenda L&#8217;ASTD A\u00efkido participe et anime de nombreux \u00e9v\u00e8nements chaque ann\u00e9e. Retrouvez ici toutes les informations! &nbsp;\u00a9 Agn\u00e8s Borlet&nbsp;&nbsp; Stage F\u00e9d\u00e9ralSaint Pol de Leon L&#8217;ASTD A\u00efkido participe les 27 et 28 septembre 2025 au stage annuel anim\u00e9 par Patrice Morand et Yvan Baptiste au Kiai club de Saint Pol de Leon Mini-stage A\u00efkitaiso\/A\u00efkido 29 juin &hellip; <a href=\"https:\/\/astdaikido.fr\/?page_id=85\" class=\"more-link\">Continue reading<span class=\"screen-reader-text\"> &#8220;Agenda&#8221;<\/span><\/a><\/p>\n","protected":false},"author":1,"featured_media":0,"parent":0,"menu_order":5,"comment_status":"closed","ping_status":"closed","template":"","meta":{"footnotes":""},"class_list":["post-85","page","type-page","status-publish","hentry"],"yoast_head":"<!-- This site is optimized with the Yoast SEO plugin v27.2 - https:\/\/yoast.com\/product\/yoast-seo-wordpress\/ -->\n<title>Agenda - WordPress<\/title>\n<meta name=\"robots\" content=\"index, follow, max-snippet:-1, max-image-preview:large, max-video-preview:-1\" \/>\n<link rel=\"canonical\" href=\"https:\/\/astdaikido.fr\/?page_id=85\" \/>\n<meta property=\"og:locale\" content=\"en_US\" \/>\n<meta property=\"og:type\" content=\"article\" \/>\n<meta property=\"og:title\" content=\"Agenda - WordPress\" \/>\n<meta property=\"og:description\" content=\"Agenda L&#039;ASTD A\u00efkido participe et anime de nombreux \u00e9v\u00e8nements chaque ann\u00e9e. Retrouvez ici toutes les informations! &nbsp;\u00a9 Agn\u00e8s Borlet&nbsp;&nbsp; Stage F\u00e9d\u00e9ralSaint Pol de Leon L&#039;ASTD A\u00efkido participe les 27 et 28 septembre 2025 au stage annuel anim\u00e9 par Patrice Morand et Yvan Baptiste au Kiai club de Saint Pol de Leon Mini-stage A\u00efkitaiso\/A\u00efkido 29 juin &hellip; Continue reading &quot;Agenda&quot;\" \/>\n<meta property=\"og:url\" content=\"https:\/\/astdaikido.fr\/?page_id=85\" \/>\n<meta property=\"og:site_name\" content=\"WordPress\" \/>\n<meta property=\"article:modified_time\" content=\"2025-09-30T18:41:20+00:00\" \/>\n<meta name=\"twitter:card\" content=\"summary_large_image\" \/>\n<meta name=\"twitter:label1\" content=\"Est. reading time\" \/>\n\t<meta name=\"twitter:data1\" content=\"1 minute\" \/>\n<script type=\"application\/ld+json\" class=\"yoast-schema-graph\">{\"@context\":\"https:\/\/schema.org\",\"@graph\":[{\"@type\":\"WebPage\",\"@id\":\"https:\/\/astdaikido.fr\/?page_id=85\",\"url\":\"https:\/\/astdaikido.fr\/?page_id=85\",\"name\":\"Agenda - WordPress\",\"isPartOf\":{\"@id\":\"https:\/\/astdaikido.fr\/#website\"},\"datePublished\":\"2025-08-09T08:40:31+00:00\",\"dateModified\":\"2025-09-30T18:41:20+00:00\",\"breadcrumb\":{\"@id\":\"https:\/\/astdaikido.fr\/?page_id=85#breadcrumb\"},\"inLanguage\":\"en-US\",\"potentialAction\":[{\"@type\":\"ReadAction\",\"target\":[\"https:\/\/astdaikido.fr\/?page_id=85\"]}]},{\"@type\":\"BreadcrumbList\",\"@id\":\"https:\/\/astdaikido.fr\/?page_id=85#breadcrumb\",\"itemListElement\":[{\"@type\":\"ListItem\",\"position\":1,\"name\":\"Home\",\"item\":\"https:\/\/astdaikido.fr\/\"},{\"@type\":\"ListItem\",\"position\":2,\"name\":\"Agenda\"}]},{\"@type\":\"WebSite\",\"@id\":\"https:\/\/astdaikido.fr\/#website\",\"url\":\"https:\/\/astdaikido.fr\/\",\"name\":\"ASTD AIkido\",\"description\":\"\",\"potentialAction\":[{\"@type\":\"SearchAction\",\"target\":{\"@type\":\"EntryPoint\",\"urlTemplate\":\"https:\/\/astdaikido.fr\/?s={search_term_string}\"},\"query-input\":{\"@type\":\"PropertyValueSpecification\",\"valueRequired\":true,\"valueName\":\"search_term_string\"}}],\"inLanguage\":\"en-US\"}]}<\/script>\n<!-- \/ Yoast SEO plugin. -->","yoast_head_json":{"title":"Agenda - WordPress","robots":{"index":"index","follow":"follow","max-snippet":"max-snippet:-1","max-image-preview":"max-image-preview:large","max-video-preview":"max-video-preview:-1"},"canonical":"https:\/\/astdaikido.fr\/?page_id=85","og_locale":"en_US","og_type":"article","og_title":"Agenda - WordPress","og_description":"Agenda L'ASTD A\u00efkido participe et anime de nombreux \u00e9v\u00e8nements chaque ann\u00e9e. Retrouvez ici toutes les informations! &nbsp;\u00a9 Agn\u00e8s Borlet&nbsp;&nbsp; Stage F\u00e9d\u00e9ralSaint Pol de Leon L'ASTD A\u00efkido participe les 27 et 28 septembre 2025 au stage annuel anim\u00e9 par Patrice Morand et Yvan Baptiste au Kiai club de Saint Pol de Leon Mini-stage A\u00efkitaiso\/A\u00efkido 29 juin &hellip; Continue reading \"Agenda\"","og_url":"https:\/\/astdaikido.fr\/?page_id=85","og_site_name":"WordPress","article_modified_time":"2025-09-30T18:41:20+00:00","twitter_card":"summary_large_image","twitter_misc":{"Est. reading time":"1 minute"},"schema":{"@context":"https:\/\/schema.org","@graph":[{"@type":"WebPage","@id":"https:\/\/astdaikido.fr\/?page_id=85","url":"https:\/\/astdaikido.fr\/?page_id=85","name":"Agenda - WordPress","isPartOf":{"@id":"https:\/\/astdaikido.fr\/#website"},"datePublished":"2025-08-09T08:40:31+00:00","dateModified":"2025-09-30T18:41:20+00:00","breadcrumb":{"@id":"https:\/\/astdaikido.fr\/?page_id=85#breadcrumb"},"inLanguage":"en-US","potentialAction":[{"@type":"ReadAction","target":["https:\/\/astdaikido.fr\/?page_id=85"]}]},{"@type":"BreadcrumbList","@id":"https:\/\/astdaikido.fr\/?page_id=85#breadcrumb","itemListElement":[{"@type":"ListItem","position":1,"name":"Home","item":"https:\/\/astdaikido.fr\/"},{"@type":"ListItem","position":2,"name":"Agenda"}]},{"@type":"WebSite","@id":"https:\/\/astdaikido.fr\/#website","url":"https:\/\/astdaikido.fr\/","name":"ASTD AIkido","description":"","potentialAction":[{"@type":"SearchAction","target":{"@type":"EntryPoint","urlTemplate":"https:\/\/astdaikido.fr\/?s={search_term_string}"},"query-input":{"@type":"PropertyValueSpecification","valueRequired":true,"valueName":"search_term_string"}}],"inLanguage":"en-US"}]}},"_links":{"self":[{"href":"https:\/\/astdaikido.fr\/index.php?rest_route=\/wp\/v2\/pages\/85","targetHints":{"allow":["GET"]}}],"collection":[{"href":"https:\/\/astdaikido.fr\/index.php?rest_route=\/wp\/v2\/pages"}],"about":[{"href":"https:\/\/astdaikido.fr\/index.php?rest_route=\/wp\/v2\/types\/page"}],"author":[{"embeddable":true,"href":"https:\/\/astdaikido.fr\/index.php?rest_route=\/wp\/v2\/users\/1"}],"replies":[{"embeddable":true,"href":"https:\/\/astdaikido.fr\/index.php?rest_route=%2Fwp%2Fv2%2Fcomments&post=85"}],"version-history":[{"count":3,"href":"https:\/\/astdaikido.fr\/index.php?rest_route=\/wp\/v2\/pages\/85\/revisions"}],"predecessor-version":[{"id":116,"href":"https:\/\/astdaikido.fr\/index.php?rest_route=\/wp\/v2\/pages\/85\/revisions\/116"}],"wp:attachment":[{"href":"https:\/\/astdaikido.fr\/index.php?rest_route=%2Fwp%2Fv2%2Fmedia&parent=85"}],"curies":[{"name":"wp","href":"https:\/\/api.w.org\/{rel}","templated":true}]}}