{"id":84,"date":"2025-08-09T08:40:30","date_gmt":"2025-08-09T08:40:30","guid":{"rendered":"http:\/\/astdaikido.fr\/?page_id=84"},"modified":"2026-03-30T19:27:55","modified_gmt":"2026-03-30T19:27:55","slug":"enseignement","status":"publish","type":"page","link":"https:\/\/astdaikido.fr\/?page_id=84","title":{"rendered":"Enseignement"},"content":{"rendered":"\n    \n    <section class=\"u-clearfix u-image u-shading u-section-2\" id=\"sec-834d\" src=\"\" data-image-width=\"1280\" data-image-height=\"809\" data-animation-name=\"\" data-animation-duration=\"0\" data-animation-delay=\"0\" data-animation-direction=\"\" style=\"background-image: linear-gradient(0deg, rgba(0, 0, 0, 0.55), rgba(0, 0, 0, 0.55)), url(&quot;https:\/\/astdaikido.fr\/wp-content\/uploads\/2025\/08\/6873df546d052be7205209df80c073a8dc8d6acff15da52935461440f2267a0076fc17f61207603c99b871c8123a3137b7c28201c7a31857a696d7_1280.jpg&quot;);\">\n      <div class=\"u-clearfix u-sheet u-valign-middle u-sheet-1\">\n        <h1 class=\"u-align-left u-text u-text-default u-text-1\" data-animation-name=\"\" data-animation-duration=\"0\" data-animation-delay=\"0\" data-animation-direction=\"\">Yvan Baptiste<\/h1>\n        <p class=\"u-align-center u-large-text u-text u-text-body-alt-color u-text-variant u-text-2\">\n          <a class=\"u-active-none u-border-none u-btn u-button-link u-button-style u-hover-none u-none u-text-active-white u-text-body-alt-color u-text-hover-white u-btn-1\" href=\"https:\/\/www.ghaan.com\/files\/fichiers\/a-la-rencontre-de-y.baptiste.pdf?27cfbe2ab3\" title=\"Ceinture noire 5\u00e8me Dan - DEJEPSGHAAN: Membre du comit\u00e9 directeur et technicien, assistant technicien charg\u00e9 de mission, membre du jury passage de grade\" target=\"_blank\">Ceinture noire 5\u00e8me Dan - DEJEPS<br>Responsable Technique National FFAB et GHAAN<br>membre du jury passage de grade \n          <\/a>\n        <\/p>\n      <\/div>\n    <\/section>\n    <section class=\"u-clearfix u-container-align-center u-section-3\" id=\"sec-24a9\">\n      <div class=\"u-clearfix u-sheet u-valign-middle-lg u-sheet-1\">\n        <div class=\"data-layout-selected u-clearfix u-expanded-width u-layout-wrap u-layout-wrap-1\">\n          <div class=\"u-gutter-0 u-layout\">\n            <div class=\"u-layout-row\">\n              <div class=\"u-container-style u-layout-cell u-size-38-lg u-size-38-xl u-size-60-md u-size-60-sm u-size-60-xs u-layout-cell-1\">\n                <div class=\"u-container-layout u-valign-middle-lg u-valign-middle-xs u-container-layout-1\">\n                  <div class=\"custom-expanded u-palette-1-base u-radius u-shape u-shape-round u-shape-1\"><\/div>\n                  <img decoding=\"async\" class=\"u-image u-image-round u-radius u-image-1\" src=\"https:\/\/astdaikido.fr\/wp-content\/uploads\/2025\/08\/stagemai202551.jpg\" alt=\"\" data-image-width=\"1920\" data-image-height=\"982\">\n                  <p class=\"u-small-text u-text u-text-default u-text-variant u-text-1\"> \u00a9 Brice Guiader&nbsp;&nbsp;<\/p>\n                <\/div>\n              <\/div>\n              <div class=\"u-container-style u-layout-cell u-size-22-lg u-size-22-xl u-size-60-md u-size-60-sm u-size-60-xs u-layout-cell-2\">\n                <div class=\"u-container-layout u-container-layout-2\">\n                  <h2 class=\"u-align-left u-text u-text-2\">Parcours<br>\n                  <\/h2>\n                  <p class=\"u-align-left u-text u-text-default u-text-3\">L'aventure commence en 1992 pour Yvan, dont la passion pour l'a\u00efkido d\u00e9bute d\u00e8s ses premiers pas sur le tatami, o\u00f9 il a per\u00e7u cette discipline comme bien plus qu\u2019un simple sport. Pour lui, l\u2019a\u00efkido est devenu une v\u00e9ritable voie de vie, un moyen de se d\u00e9couvrir et de grandir en tant qu\u2019individu.&nbsp;<br>\n                    <br>Son parcours est jalonn\u00e9 de rencontres avec des ma\u00eetres de renom tels qu\u2019Andr\u00e9 Nocquet, Nobuyoshi Tamura, Hiroshi Tada, et Mitsuteru Ueshiba. Il a \u00e9galement b\u00e9n\u00e9fici\u00e9 des enseignements des Responsables Techniques Nationaux du Groupe Historique A\u00efkido Andr\u00e9 Nocquet (GHAAN), une formation qui a \u00e9t\u00e9 cruciale dans son d\u00e9veloppement en tant que pratiquant et enseignant.&nbsp;<br>\n                  <\/p>\n                <\/div>\n              <\/div>\n            <\/div>\n          <\/div>\n        <\/div>\n      <\/div>\n    <\/section>\n    <section class=\"u-align-center u-clearfix u-container-align-center u-palette-2-base u-section-4\" id=\"sec-940a\">\n      <div class=\"u-expanded-width u-radius u-shape u-shape-round u-white u-shape-1\"><\/div>\n      <div class=\"data-layout-selected u-clearfix u-gutter-34 u-layout-wrap u-layout-wrap-1\">\n        <div class=\"u-layout\" style=\"\">\n          <div class=\"u-layout-row\" style=\"\">\n            <div class=\"u-align-left u-container-align-left u-container-style u-layout-cell u-radius u-right-cell u-shape-round u-size-32-lg u-size-32-xl u-size-60-md u-size-60-sm u-size-60-xs u-size-xs-60 u-white u-layout-cell-1\">\n              <div class=\"u-container-layout u-valign-top u-container-layout-1\">\n                <p class=\"u-align-left u-text u-text-1\"> Au fil des ann\u00e9es, Yvan a franchi plusieurs \u00e9tapes importantes dans sa pratique de l\u2019a\u00efkido. Il a obtenu successivement ses ceintures noires, du 1er Dan en 2007 au 5\u00e8me Dan en 2022. Ces accomplissements t\u00e9moignent de sa compr\u00e9hension croissante de l\u2019a\u00efkido, tant sur le plan technique que spirituel. En 2009, il obtient son monitorat, ce qui lui ouvre les portes de l\u2019enseignement. Il ne s\u2019arr\u00eate pas l\u00e0 et d\u00e9croche par la suite le brevet d\u2019\u00c9tat 1er degr\u00e9 et le dipl\u00f4me d\u2019\u00c9tat en 2015. Transmettre son savoir est devenu pour lui une \u00e9vidence, un v\u00e9ritable engagement.&nbsp;<br>&nbsp;<br>Depuis 2012, Yvan Baptiste occupe des fonctions f\u00e9d\u00e9rales en Normandie, une r\u00e9gion qu\u2019il affectionne particuli\u00e8rement. Il est \u00e9galement actif au sein du GHAAN en tant que membre du comit\u00e9 directeur et technicien sous la direction de Patrice Morand, 7\u00e8me Dan. Son r\u00f4le d'assistant technicien charg\u00e9 de mission lui permet de contribuer activement \u00e0 la diffusion de l\u2019a\u00efkido tout en continuant \u00e0 se former. Il est aussi membre du jury pour les passages de grades, une responsabilit\u00e9 qu'il assume avec la plus grande rigueur.&nbsp; \n                <\/p>\n              <\/div>\n            <\/div>\n            <div class=\"u-align-center u-container-align-center u-container-style u-image u-image-round u-layout-cell u-left-cell u-radius u-size-28-lg u-size-28-xl u-size-60-md u-size-60-sm u-size-60-xs u-size-xs-60 u-image-1\" src=\"\" data-image-width=\"2350\" data-image-height=\"3133\" style=\"background-image: url(&quot;https:\/\/astdaikido.fr\/wp-content\/uploads\/2025\/08\/Photo18-06-2025205809.jpg&quot;);\">\n              <div class=\"u-container-layout u-valign-top u-container-layout-2\" src=\"\"><\/div>\n            <\/div>\n          <\/div>\n        <\/div>\n      <\/div>\n      <p class=\"u-small-text u-text u-text-default-xl u-text-variant u-text-2\"> \u00a9 Diane Borlet<\/p>\n    <\/section>\n    <section class=\"u-clearfix u-container-align-center u-valign-middle-lg u-valign-middle-xl u-section-5\" id=\"sec-e5e8\">\n      <div class=\"u-black u-expanded-width u-radius u-shape u-shape-round u-shape-1\"><\/div>\n      <div class=\"u-align-center u-container-align-center u-container-style u-group u-radius u-shape-round u-white u-group-1\">\n        <div class=\"u-container-layout u-container-layout-1\">\n          <h2 class=\"u-align-center u-text u-text-1\">Une passion: transmettre<\/h2>\n          <p class=\"u-align-center u-text u-text-2\"> En 2017, Yvan r\u00e9alise un de ses r\u00eaves en ouvrant une section A\u00efkido au POM\u2019s \u00e0 Deauville, suivi en 2022 par un second dojo au stade Kieffer \u00e0 Ouistreham. Cependant, sa contribution \u00e0 l\u2019a\u00efkido en Normandie ne s\u2019arr\u00eate pas l\u00e0. Avant ces ouvertures, il avait d\u00e9j\u00e0 fond\u00e9 plusieurs clubs, notamment \u00e0 Gac\u00e9 en 2013 et \u00e0 Moyaux en 2009, o\u00f9 en 2016, pr\u00e8s d\u2019une trentaine de pratiquants s\u2019y retrouvaient. Il est particuli\u00e8rement fier de voir ses clubs continuer \u00e0 prosp\u00e9rer sous la direction de ses \u00e9l\u00e8ves depuis 2017, bien que le club de Moyaux ait malheureusement ferm\u00e9 en 2024.&nbsp;<br>&nbsp;<br>Former la prochaine g\u00e9n\u00e9ration de ceintures noires est pour Yvan un accomplissement majeur. Il a eu le privil\u00e8ge de former plus d\u2019une quinzaine de ceintures noires en Normandie et a \u00e9galement \u00e9t\u00e9 tuteur pour le brevet f\u00e9d\u00e9ral. Depuis son retour en Normandie en 2004, il a multipli\u00e9 les exp\u00e9riences p\u00e9dagogiques, notamment en tant qu\u2019assistant des Responsables Techniques Nationaux du GHAAN. Ces exp\u00e9riences ont nourri et perfectionn\u00e9 son approche p\u00e9dagogique, enrichie par ses recherches universitaires en biom\u00e9canique, physiologie et pathologies chroniques, pour lesquelles il a obtenu des grades de Masters.&nbsp; \n          <\/p>\n        <\/div>\n      <\/div>\n    <\/section>\n    <section class=\"skrollable u-clearfix u-image u-uploaded-video u-section-6\" id=\"sec-cce1\" data-image-width=\"2048\" data-image-height=\"1536\" style=\"background-image: url(&quot;https:\/\/astdaikido.fr\/wp-content\/uploads\/2025\/08\/seancebokken2.jpg&quot;);\">\n      <div class=\"u-clearfix u-sheet u-valign-middle-lg u-valign-middle-xs u-sheet-1\">\n        <div class=\"u-align-center u-container-align-center u-container-align-left u-container-style u-expanded-width-sm u-expanded-width-xs u-group u-white u-group-1\">\n          <div class=\"u-container-layout u-valign-top u-container-layout-1\">\n            <p class=\"u-align-left u-text u-text-1\"> Convaincu des bienfaits de l\u2019a\u00efkido pour le corps et l\u2019esprit, Yvan Baptiste a d\u00e9velopp\u00e9 l\u2019A\u00efkiCardio\u00ae, une m\u00e9thode innovante qui marie les principes de l\u2019a\u00efkido aux activit\u00e9s physiques sportives et artistiques. Il a \u00e9galement fond\u00e9 un \u00e9tablissement th\u00e9rapeutique d\u2019accompagnement psychosocial, destin\u00e9 \u00e0 am\u00e9liorer la qualit\u00e9 de vie des personnes atteintes de pathologies chroniques.&nbsp;<br>&nbsp;<br>Depuis 2009, Yvan enseigne \u00e0 des publics de tous \u00e2ges et dans divers cadres. Pour lui, l\u2019a\u00efkido est bien plus qu\u2019un art martial : c\u2019est une voie permettant de se d\u00e9couvrir soi-m\u00eame et de se construire en tant qu\u2019\u00eatre humain. Son souhait le plus cher est de voir ses \u00e9l\u00e8ves en bonne sant\u00e9, heureux, et capables de trouver leur propre chemin vers le bonheur. Il esp\u00e8re qu\u2019un jour, ils pourront regarder leur vie et se dire que cela en valait la peine. C\u2019est cette aspiration qu\u2019il cherche \u00e0 transmettre \u00e0 travers la pratique de l\u2019a\u00efkido.&nbsp;<br>&nbsp;<br>Enfin, Yvan Baptiste rappelle que nous ne sommes que de passage dans ce monde et que rien ne nous appartient v\u00e9ritablement. Il regrette que beaucoup de personnes, une fois leur grade obtenu, l\u2019oublient dans un monde qui pr\u00f4ne l\u2019imm\u00e9diatet\u00e9 et l\u2019individualisme, s\u2019\u00e9loignant ainsi des valeurs fondamentales de l\u2019a\u00efkido.&nbsp; \n            <\/p>\n          <\/div>\n        <\/div>\n        <p class=\"u-small-text u-text u-text-default u-text-variant u-text-2\"> \u00a9Diane Borlet<\/p>\n      <\/div>\n    <\/section>\n    <section class=\"u-clearfix u-image u-shading u-section-7\" id=\"sec-259b\" style=\"background-image: linear-gradient(rgba(0, 0, 0, 0.2), rgba(0, 0, 0, 0.2)), url(&quot;https:\/\/astdaikido.fr\/wp-content\/uploads\/2025\/08\/Pattern.jpeg&quot;);\">\n      <div class=\"u-clearfix u-sheet u-sheet-1\">\n        <div class=\"u-expanded-width u-list u-list-1\">\n          <div class=\"u-repeater u-repeater-1\">\n            <div class=\"u-container-style u-list-item u-repeater-item\">\n              <div class=\"u-container-layout u-similar-container u-container-layout-1\">\n                <a href=\"\" class=\"u-align-center u-border-none u-btn u-button-style u-hover-black u-palette-1-base u-btn-1\">accueil <\/a>\n              <\/div>\n            <\/div>\n            <div class=\"u-container-style u-list-item u-repeater-item\">\n              <div class=\"u-container-layout u-similar-container u-container-layout-2\">\n                <a href=\"https:\/\/astdaikido.fr\/?page_id=86\" class=\"u-align-center u-border-none u-btn u-button-style u-hover-black u-palette-1-base u-btn-2\" title=\"A\u00efkido\" target=\"_blank\">a\u00efkido <\/a>\n              <\/div>\n            <\/div>\n            <div class=\"u-container-style u-list-item u-repeater-item\">\n              <div class=\"u-container-layout u-similar-container u-container-layout-3\">\n                <a href=\"https:\/\/astdaikido.fr\/?page_id=85\" class=\"u-align-center u-border-none u-btn u-button-style u-hover-black u-palette-1-base u-btn-3\" title=\"Agenda\" target=\"_blank\">agenda <\/a>\n              <\/div>\n            <\/div>\n          <\/div>\n        <\/div>\n      <\/div>\n    <\/section>\n    \n    \n    \n    \n  \n","protected":false},"excerpt":{"rendered":"<p>Yvan Baptiste Ceinture noire 5\u00e8me Dan &#8211; DEJEPSResponsable Technique National FFAB et GHAANmembre du jury passage de grade \u00a9 Brice Guiader&nbsp;&nbsp; Parcours L&#8217;aventure commence en 1992 pour Yvan, dont la passion pour l&#8217;a\u00efkido d\u00e9bute d\u00e8s ses premiers pas sur le tatami, o\u00f9 il a per\u00e7u cette discipline comme bien plus qu\u2019un simple sport. Pour lui, &hellip; <a href=\"https:\/\/astdaikido.fr\/?page_id=84\" class=\"more-link\">Continue reading<span class=\"screen-reader-text\"> &#8220;Enseignement&#8221;<\/span><\/a><\/p>\n","protected":false},"author":1,"featured_media":0,"parent":0,"menu_order":4,"comment_status":"closed","ping_status":"closed","template":"","meta":{"footnotes":""},"class_list":["post-84","page","type-page","status-publish","hentry"],"yoast_head":"<!-- This site is optimized with the Yoast SEO plugin v27.2 - https:\/\/yoast.com\/product\/yoast-seo-wordpress\/ -->\n<title>Enseignement - WordPress<\/title>\n<meta name=\"robots\" content=\"index, follow, max-snippet:-1, max-image-preview:large, max-video-preview:-1\" \/>\n<link rel=\"canonical\" href=\"https:\/\/astdaikido.fr\/?page_id=84\" \/>\n<meta property=\"og:locale\" content=\"en_US\" \/>\n<meta property=\"og:type\" content=\"article\" \/>\n<meta property=\"og:title\" content=\"Enseignement - WordPress\" \/>\n<meta property=\"og:description\" content=\"Yvan Baptiste Ceinture noire 5\u00e8me Dan - DEJEPSResponsable Technique National FFAB et GHAANmembre du jury passage de grade \u00a9 Brice Guiader&nbsp;&nbsp; Parcours L&#039;aventure commence en 1992 pour Yvan, dont la passion pour l&#039;a\u00efkido d\u00e9bute d\u00e8s ses premiers pas sur le tatami, o\u00f9 il a per\u00e7u cette discipline comme bien plus qu\u2019un simple sport. Pour lui, &hellip; Continue reading &quot;Enseignement&quot;\" \/>\n<meta property=\"og:url\" content=\"https:\/\/astdaikido.fr\/?page_id=84\" \/>\n<meta property=\"og:site_name\" content=\"WordPress\" \/>\n<meta property=\"article:modified_time\" content=\"2026-03-30T19:27:55+00:00\" \/>\n<meta name=\"twitter:card\" content=\"summary_large_image\" \/>\n<meta name=\"twitter:label1\" content=\"Est. reading time\" \/>\n\t<meta name=\"twitter:data1\" content=\"4 minutes\" \/>\n<script type=\"application\/ld+json\" class=\"yoast-schema-graph\">{\"@context\":\"https:\/\/schema.org\",\"@graph\":[{\"@type\":\"WebPage\",\"@id\":\"https:\/\/astdaikido.fr\/?page_id=84\",\"url\":\"https:\/\/astdaikido.fr\/?page_id=84\",\"name\":\"Enseignement - WordPress\",\"isPartOf\":{\"@id\":\"https:\/\/astdaikido.fr\/#website\"},\"datePublished\":\"2025-08-09T08:40:30+00:00\",\"dateModified\":\"2026-03-30T19:27:55+00:00\",\"breadcrumb\":{\"@id\":\"https:\/\/astdaikido.fr\/?page_id=84#breadcrumb\"},\"inLanguage\":\"en-US\",\"potentialAction\":[{\"@type\":\"ReadAction\",\"target\":[\"https:\/\/astdaikido.fr\/?page_id=84\"]}]},{\"@type\":\"BreadcrumbList\",\"@id\":\"https:\/\/astdaikido.fr\/?page_id=84#breadcrumb\",\"itemListElement\":[{\"@type\":\"ListItem\",\"position\":1,\"name\":\"Home\",\"item\":\"https:\/\/astdaikido.fr\/\"},{\"@type\":\"ListItem\",\"position\":2,\"name\":\"Enseignement\"}]},{\"@type\":\"WebSite\",\"@id\":\"https:\/\/astdaikido.fr\/#website\",\"url\":\"https:\/\/astdaikido.fr\/\",\"name\":\"ASTD AIkido\",\"description\":\"\",\"potentialAction\":[{\"@type\":\"SearchAction\",\"target\":{\"@type\":\"EntryPoint\",\"urlTemplate\":\"https:\/\/astdaikido.fr\/?s={search_term_string}\"},\"query-input\":{\"@type\":\"PropertyValueSpecification\",\"valueRequired\":true,\"valueName\":\"search_term_string\"}}],\"inLanguage\":\"en-US\"}]}<\/script>\n<!-- \/ Yoast SEO plugin. -->","yoast_head_json":{"title":"Enseignement - WordPress","robots":{"index":"index","follow":"follow","max-snippet":"max-snippet:-1","max-image-preview":"max-image-preview:large","max-video-preview":"max-video-preview:-1"},"canonical":"https:\/\/astdaikido.fr\/?page_id=84","og_locale":"en_US","og_type":"article","og_title":"Enseignement - WordPress","og_description":"Yvan Baptiste Ceinture noire 5\u00e8me Dan - DEJEPSResponsable Technique National FFAB et GHAANmembre du jury passage de grade \u00a9 Brice Guiader&nbsp;&nbsp; Parcours L'aventure commence en 1992 pour Yvan, dont la passion pour l'a\u00efkido d\u00e9bute d\u00e8s ses premiers pas sur le tatami, o\u00f9 il a per\u00e7u cette discipline comme bien plus qu\u2019un simple sport. Pour lui, &hellip; Continue reading \"Enseignement\"","og_url":"https:\/\/astdaikido.fr\/?page_id=84","og_site_name":"WordPress","article_modified_time":"2026-03-30T19:27:55+00:00","twitter_card":"summary_large_image","twitter_misc":{"Est. reading time":"4 minutes"},"schema":{"@context":"https:\/\/schema.org","@graph":[{"@type":"WebPage","@id":"https:\/\/astdaikido.fr\/?page_id=84","url":"https:\/\/astdaikido.fr\/?page_id=84","name":"Enseignement - WordPress","isPartOf":{"@id":"https:\/\/astdaikido.fr\/#website"},"datePublished":"2025-08-09T08:40:30+00:00","dateModified":"2026-03-30T19:27:55+00:00","breadcrumb":{"@id":"https:\/\/astdaikido.fr\/?page_id=84#breadcrumb"},"inLanguage":"en-US","potentialAction":[{"@type":"ReadAction","target":["https:\/\/astdaikido.fr\/?page_id=84"]}]},{"@type":"BreadcrumbList","@id":"https:\/\/astdaikido.fr\/?page_id=84#breadcrumb","itemListElement":[{"@type":"ListItem","position":1,"name":"Home","item":"https:\/\/astdaikido.fr\/"},{"@type":"ListItem","position":2,"name":"Enseignement"}]},{"@type":"WebSite","@id":"https:\/\/astdaikido.fr\/#website","url":"https:\/\/astdaikido.fr\/","name":"ASTD AIkido","description":"","potentialAction":[{"@type":"SearchAction","target":{"@type":"EntryPoint","urlTemplate":"https:\/\/astdaikido.fr\/?s={search_term_string}"},"query-input":{"@type":"PropertyValueSpecification","valueRequired":true,"valueName":"search_term_string"}}],"inLanguage":"en-US"}]}},"_links":{"self":[{"href":"https:\/\/astdaikido.fr\/index.php?rest_route=\/wp\/v2\/pages\/84","targetHints":{"allow":["GET"]}}],"collection":[{"href":"https:\/\/astdaikido.fr\/index.php?rest_route=\/wp\/v2\/pages"}],"about":[{"href":"https:\/\/astdaikido.fr\/index.php?rest_route=\/wp\/v2\/types\/page"}],"author":[{"embeddable":true,"href":"https:\/\/astdaikido.fr\/index.php?rest_route=\/wp\/v2\/users\/1"}],"replies":[{"embeddable":true,"href":"https:\/\/astdaikido.fr\/index.php?rest_route=%2Fwp%2Fv2%2Fcomments&post=84"}],"version-history":[{"count":2,"href":"https:\/\/astdaikido.fr\/index.php?rest_route=\/wp\/v2\/pages\/84\/revisions"}],"predecessor-version":[{"id":121,"href":"https:\/\/astdaikido.fr\/index.php?rest_route=\/wp\/v2\/pages\/84\/revisions\/121"}],"wp:attachment":[{"href":"https:\/\/astdaikido.fr\/index.php?rest_route=%2Fwp%2Fv2%2Fmedia&parent=84"}],"curies":[{"name":"wp","href":"https:\/\/api.w.org\/{rel}","templated":true}]}}