{"id":82,"date":"2025-08-09T08:40:28","date_gmt":"2025-08-09T08:40:28","guid":{"rendered":"http:\/\/astdaikido.fr\/?page_id=82"},"modified":"2025-08-09T08:40:33","modified_gmt":"2025-08-09T08:40:33","slug":"mentions-legales","status":"publish","type":"page","link":"https:\/\/astdaikido.fr\/?page_id=82","title":{"rendered":"Mentions l\u00e9gales"},"content":{"rendered":"\n  \n    <section class=\"u-clearfix u-section-1\" id=\"sec-408d\">\n      <div class=\"u-clearfix u-sheet u-valign-middle u-sheet-1\">\n        <h1 class=\"u-align-center u-text u-text-1\">Mentions l\u00e9gales<\/h1>\n        <p class=\"u-align-center u-text u-text-2\"> Merci de lire avec attention les diff\u00e9rentes modalit\u00e9s d\u2019utilisation \ndu pr\u00e9sent site avant d\u2019en parcourir les pages. En vous connectant sur ce\n site, vous acceptez, sans r\u00e9serves, les pr\u00e9sentes modalit\u00e9s.&nbsp;<br>Aussi, conform\u00e9ment \u00e0 l\u2019article n\u00b06 de la Loi n\u00b02004-575 du 21 Juin \n2004 pour la confiance dans l\u2019\u00e9conomie num\u00e9rique, les responsables du \npr\u00e9sent site internet www.astd-aikido.fr sont :\n        <\/p>\n      <\/div>\n    <\/section>\n    <section class=\"u-clearfix u-section-2\" id=\"sec-f2a5\">\n      <div class=\"u-clearfix u-sheet u-valign-middle u-sheet-1\">\n        <p class=\"u-large-text u-text u-text-default u-text-variant u-text-1\">Editeur du site<\/p>\n        <p class=\"u-text u-text-2\">ASTD A\u00efkido<br>Num\u00e9ro de SIREN: 780 727 012<br>Responsable \u00e9ditorial: Misato Raillard<br>T\u00e9l\u00e9phone: 06 16 25 43 12<br>Email: astd.aikido@gmail.com<br>Site web: www.astd-aikido.fr\n        <\/p>\n      <\/div>\n    <\/section>\n    <section class=\"u-clearfix u-section-3\" id=\"sec-6919\">\n      <div class=\"u-clearfix u-sheet u-valign-middle u-sheet-1\">\n        <p class=\"u-large-text u-text u-text-default u-text-variant u-text-1\">H\u00e9bergement<\/p>\n        <p class=\"u-text u-text-2\">H\u00e9bergeur:&nbsp;<br>OVH SAS<br>2 rue Kellerman 59100 Roubaix<br>www.ovhcloud.com\n        <\/p>\n      <\/div>\n    <\/section>\n    <section class=\"u-clearfix u-section-4\" id=\"sec-59bd\">\n      <div class=\"u-clearfix u-sheet u-valign-middle u-sheet-1\">\n        <p class=\"u-large-text u-text u-text-default u-text-variant u-text-1\">D\u00e9veloppement<\/p>\n        <p class=\"u-text u-text-2\">ASTD A\u00efkido<br>\n        <\/p>\n      <\/div>\n    <\/section>\n    <section class=\"u-clearfix u-section-5\" id=\"sec-7e0d\">\n      <div class=\"u-clearfix u-sheet u-valign-middle u-sheet-1\">\n        <p class=\"u-large-text u-text u-text-default u-text-variant u-text-1\">Conditions d'utilisation<\/p>\n        <p class=\"u-text u-text-default u-text-2\"> Ce site www.astd-aikido.fr est propos\u00e9 en diff\u00e9rents langages web \n(HTML, HTML5, Javascript, CSS, etc\u2026) pour un meilleur confort \nd\u2019utilisation et un graphisme plus agr\u00e9able.&nbsp;<br>\n          <br>Nous vous recommandons de recourir \u00e0 des navigateurs modernes comme Safari, Firefox, Google Chrome, etc\u2026&nbsp;<br>L'ASTD A\u00efkido<b>&nbsp;<\/b>met\n en \u0153uvre tous les moyens dont nous disposons pour assurer une \ninformation fiable et une mise \u00e0 jour fiable de son site internet. \nToutefois, des erreurs ou omissions peuvent survenir.&nbsp;<br>\n          <br>L\u2019internaute devra donc s\u2019assurer de l\u2019exactitude des informations \naupr\u00e8s de l'ASTD A\u00efkido et signaler toutes modifications du site \nqu\u2019il jugerait utile. L'ASTD A\u00efkido n\u2019est en aucun cas responsable de \nl\u2019utilisation faite de ces informations, et de tout pr\u00e9judice direct ou \nindirect pouvant en d\u00e9couler.\n        <\/p>\n      <\/div>\n    <\/section>\n    <section class=\"u-clearfix u-section-6\" id=\"sec-8284\">\n      <div class=\"u-clearfix u-sheet u-valign-middle u-sheet-1\">\n        <p class=\"u-large-text u-text u-text-default u-text-variant u-text-1\">Cookies<\/p>\n        <p class=\"u-text u-text-default u-text-2\"> Le site www.astd-aikido.fr peut-\u00eatre amen\u00e9 \u00e0 vous demander \nl\u2019acceptation des cookies pour des besoins de statistiques et \nd\u2019affichage. Un cookie est une information d\u00e9pos\u00e9e sur votre disque dur par le serveur du site que vous visitez.&nbsp;<br>\n          <br>Il contient plusieurs donn\u00e9es qui sont stock\u00e9es sur votre ordinateur \ndans un simple fichier texte auquel un serveur acc\u00e8de pour lire et \nenregistrer des informations. Certaines parties de ce site ne peuvent \n\u00eatre fonctionnelles sans l\u2019acceptation de cookies.\n        <\/p>\n      <\/div>\n    <\/section>\n    <section class=\"u-clearfix u-section-7\" id=\"sec-213b\">\n      <div class=\"u-clearfix u-sheet u-valign-middle u-sheet-1\">\n        <p class=\"u-large-text u-text u-text-default u-text-variant u-text-1\">Liens hypertextes<\/p>\n        <p class=\"u-text u-text-default u-text-2\"> Les sites internet peuvent offrir des liens vers d\u2019autres sites \ninternet ou d\u2019autres ressources disponibles sur Internet. Le'ASTD A\u00efkido ne dispose d\u2019aucun moyen pour contr\u00f4ler les sites en \nconnexion avec son site internet.&nbsp;<br>\n          <br>L\u200b'ASTD A\u00efkido ne r\u00e9pond pas de la disponibilit\u00e9 de tels sites \net sources externes, ni ne la garantit. Il ne peuvent \u00eatre tenu pour \nresponsable de tout dommage, de quelque nature que ce soit, r\u00e9sultant du\n contenu de ces sites ou sources externes, et notamment des \ninformations, produits ou services qu\u2019ils proposent, ou de tout usage \nqui peut \u00eatre fait de ces \u00e9l\u00e9ments.&nbsp;<br>\n          <br>Les risques li\u00e9s \u00e0 cette utilisation incombent pleinement \u00e0 \nl\u2019internaute, qui doit se conformer \u00e0 leurs conditions d\u2019utilisation.&nbsp;<br>\n          <br>Les utilisateurs, les abonn\u00e9s et les visiteurs des sites internet ne \npeuvent pas mettre en place un hyperlien en direction de \nwww.cnth.org sans l\u2019autorisation expresse et pr\u00e9alable de l\u200b'ASTD A\u00efkido.&nbsp;<br>\n          <br>Dans l\u2019hypoth\u00e8se o\u00f9 un utilisateur ou visiteur souhaiterait mettre en\n place un hyperlien en direction du site internet de l'ASTD A\u00efkido, il lui appartiendra d\u2019adresser un email accessible sur le \nsite afin de formuler sa demande de mise en place d\u2019un hyperlien.&nbsp;<br>\n          <br>L'ASTD A\u00efkido se r\u00e9serve le droit d\u2019accepter ou de refuser un hyperlien sans avoir \u00e0 en justifier sa d\u00e9cision.\n        <\/p>\n      <\/div>\n    <\/section>\n    <section class=\"u-clearfix u-section-8\" id=\"sec-5158\">\n      <div class=\"u-clearfix u-sheet u-valign-middle u-sheet-1\">\n        <p class=\"u-large-text u-text u-text-default u-text-variant u-text-1\"> Services fournis<\/p>\n        <p class=\"u-text u-text-default u-text-2\"> L\u2019ensemble des activit\u00e9s de la soci\u00e9t\u00e9 ainsi que ses informations sont pr\u00e9sent\u00e9s sur notre site www.astd-aikido.fr.&nbsp;<br>\n          <br>L'ASTD A\u00efkido s\u2019efforce de fournir sur le \nsite www.astd-aikido.fr des informations aussi pr\u00e9cises que possible. \nLes renseignements figurant sur le site www.astd-aikido.fr ne sont pas \nexhaustifs et les photos non contractuelles.&nbsp;<br>\n          <br>Ils sont donn\u00e9s sous r\u00e9serve de modifications\n ayant \u00e9t\u00e9 apport\u00e9es depuis leur mise en ligne. Par ailleurs, tous les \ninformations indiqu\u00e9es sur le site www.astd-aikido.fr<b>&nbsp;<\/b>sont donn\u00e9es \u00e0 titre indicatif, et sont susceptibles de changer ou d\u2019\u00e9voluer sans pr\u00e9avis.\n        <\/p>\n      <\/div>\n    <\/section>\n    <section class=\"u-clearfix u-section-9\" id=\"sec-5f98\">\n      <div class=\"u-clearfix u-sheet u-valign-middle u-sheet-1\">\n        <p class=\"u-large-text u-text u-text-default u-text-variant u-text-1\"> Limitation contractuelles sur les donn\u00e9es<\/p>\n        <p class=\"u-text u-text-default u-text-2\"> Les informations contenues sur ce site sont aussi pr\u00e9cises que \npossible et le site est mis \u00e0 jour \u00e0 diff\u00e9rentes p\u00e9riodes de l\u2019ann\u00e9e, \nmais peut toutefois contenir des inexactitudes ou des omissions.&nbsp;<br>\n          <br>Si vous constatez une lacune, erreur ou ce qui parait \u00eatre un \ndysfonctionnement, merci de bien vouloir le signaler par courriel, \u00e0 \nl\u2019adresse cnth@cnth.org, en d\u00e9crivant le probl\u00e8me de la mani\u00e8re\n la plus pr\u00e9cise possible (page posant probl\u00e8me, type d\u2019ordinateur et de\n navigateur utilis\u00e9\u2026).&nbsp;<br>\n          <br>Tout contenu t\u00e9l\u00e9charg\u00e9 se fait aux risques et p\u00e9rils de \nl\u2019utilisateur et sous sa seule responsabilit\u00e9. En cons\u00e9quence, l'ASTD A\u00efkido ne \nsaurait \u00eatre tenu responsable d\u2019un quelconque dommage subi par \nl\u2019ordinateur de l\u2019utilisateur ou d\u2019une quelconque perte de donn\u00e9es \ncons\u00e9cutives au t\u00e9l\u00e9chargement.&nbsp;<br>\n          <br>De plus, l\u2019utilisateur du site s\u2019engage\n \u00e0 acc\u00e9der au site en utilisant un mat\u00e9riel r\u00e9cent, ne contenant pas de \nvirus et avec un navigateur de derni\u00e8re g\u00e9n\u00e9ration mis-\u00e0-jour.&nbsp;<br>\n          <br>Les liens hypertextes mis en place dans le cadre du pr\u00e9sent site \ninternet en direction d\u2019autres ressources pr\u00e9sentes sur le r\u00e9seau \nInternet ne sauraient engager la responsabilit\u00e9 de l'ASTD A\u00efkido.\n        <\/p>\n      <\/div>\n    <\/section>\n    <section class=\"u-clearfix u-section-10\" id=\"sec-ef0a\">\n      <div class=\"u-clearfix u-sheet u-valign-middle u-sheet-1\">\n        <p class=\"u-large-text u-text u-text-default u-text-variant u-text-1\"> Propri\u00e9t\u00e9 intellectuelle<\/p>\n        <p class=\"u-text u-text-default u-text-2\"> Tout le contenu du pr\u00e9sent site www.astd-aikido.fr, incluant, de \nfa\u00e7on non limitative, les graphismes, images, textes, vid\u00e9os, \nanimations, sons, logos, gifs et ic\u00f4nes ainsi que leur mise en forme \nsont la propri\u00e9t\u00e9 exclusive de la soci\u00e9t\u00e9 \u00e0 l\u2019exception des marques, \nlogos ou contenus appartenant \u00e0 d\u2019autres soci\u00e9t\u00e9s partenaires ou \nauteurs.&nbsp;<br>\n          <br>Toute reproduction, distribution, modification, adaptation, \nretransmission ou publication, m\u00eame partielle, de ces diff\u00e9rents \n\u00e9l\u00e9ments est strictement interdite sans l\u2019accord expr\u00e8s par \u00e9crit de l'ASTD A\u00efkido. Cette repr\u00e9sentation ou reproduction, par quelque \nproc\u00e9d\u00e9 que ce soit, constitue une contrefa\u00e7on sanctionn\u00e9e par les \narticles L.335-2 et suivants du Code de la propri\u00e9t\u00e9 intellectuelle. Le \nnon-respect de cette interdiction constitue une contrefa\u00e7on pouvant \nengager la responsabilit\u00e9 civile et p\u00e9nale du contrefacteur. En outre, \nles propri\u00e9taires des Contenus copi\u00e9s pourraient intenter une action en \njustice \u00e0 votre encontre.\n        <\/p>\n      <\/div>\n    <\/section>\n    <section class=\"u-clearfix u-section-11\" id=\"sec-1cc6\">\n      <div class=\"u-clearfix u-sheet u-valign-middle u-sheet-1\">\n        <p class=\"u-large-text u-text u-text-default u-text-variant u-text-1\"> Litiges<\/p>\n        <p class=\"u-text u-text-default u-text-2\"> Les pr\u00e9sentes conditions du site www.astd-aikido.fr sont r\u00e9gies par les \nlois fran\u00e7aises et toute contestation ou litiges qui pourraient na\u00eetre \nde l\u2019interpr\u00e9tation ou de l\u2019ex\u00e9cution de celles-ci seront de la \ncomp\u00e9tence exclusive des tribunaux dont d\u00e9pend le si\u00e8ge social de la \nsoci\u00e9t\u00e9. La langue de r\u00e9f\u00e9rence, pour le r\u00e8glement de contentieux \n\u00e9ventuels, est le fran\u00e7ais.<\/p>\n      <\/div>\n    <\/section>\n    <section class=\"u-clearfix u-section-12\" id=\"sec-a6a2\">\n      <div class=\"u-clearfix u-sheet u-valign-middle u-sheet-1\">\n        <p class=\"u-large-text u-text u-text-default u-text-variant u-text-1\"> Donn\u00e9es personnelles<\/p>\n        <p class=\"u-text u-text-default u-text-2\"> De mani\u00e8re g\u00e9n\u00e9rale, vous n\u2019\u00eates pas tenu de nous communiquer vos \ndonn\u00e9es personnelles lorsque vous visitez notre site internet \nwww.astd-aikido.fr.&nbsp;<br>\n          <br>Cependant, ce principe comporte certaines exceptions.\nEn effet, pour certains services propos\u00e9s par notre site, vous pouvez\n \u00eatre amen\u00e9s \u00e0 nous communiquer des donn\u00e9es telles que : votre nom,&nbsp; votre adresse \u00e9lectronique, et \nvotre num\u00e9ro de t\u00e9l\u00e9phone.&nbsp;<br>\n          <br>Tel est le cas lorsque vous nous envoyez un mail via la rubrique \u00ab contact \u00bb.\nIl est \u00e0 noter que vous pouvez refuser de fournir vos donn\u00e9es \npersonnelles. Dans ce cas, vous ne pourrez pas utiliser les services du \nsite, notamment celui de solliciter des renseignements sur notre \nsoci\u00e9t\u00e9, ou de recevoir les lettres d\u2019information.&nbsp;<br>\n          <br>Enfin, nous pouvons collecter de mani\u00e8re automatique certaines \ninformations vous concernant lors d\u2019une simple navigation sur notre site\n internet, notamment des informations concernant l\u2019utilisation de notre \nsite, comme les zones que vous visitez, votre adresse IP, le type de votre navigateur, vos temps d\u2019acc\u00e8s.\nDe telles informations sont utilis\u00e9es exclusivement \u00e0 des fins de \nstatistiques internes, de mani\u00e8re \u00e0 am\u00e9liorer la qualit\u00e9 des services \nqui vous sont propos\u00e9s.<br>\n          <br>Les bases de donn\u00e9es sont prot\u00e9g\u00e9es par les\n dispositions de la loi du 1er juillet 1998 transposant la directive \n96\/9 du 11 mars 1996 relative \u00e0 la protection juridique des bases de \ndonn\u00e9es.<a href=\"https:\/\/www.anthedesign.fr\/author\/hugo-essique\/\" class=\"u-active-none u-border-none u-btn u-button-style u-hover-none u-none u-text-palette-1-dark-1 u-btn-1\">\n            <br>\n          <\/a>\n        <\/p>\n      <\/div>\n    <\/section>\n    \n    \n    \n    \n    \n  \n","protected":false},"excerpt":{"rendered":"<p>Mentions l\u00e9gales Merci de lire avec attention les diff\u00e9rentes modalit\u00e9s d\u2019utilisation du pr\u00e9sent site avant d\u2019en parcourir les pages. En vous connectant sur ce site, vous acceptez, sans r\u00e9serves, les pr\u00e9sentes modalit\u00e9s.&nbsp;Aussi, conform\u00e9ment \u00e0 l\u2019article n\u00b06 de la Loi n\u00b02004-575 du 21 Juin 2004 pour la confiance dans l\u2019\u00e9conomie num\u00e9rique, les responsables du pr\u00e9sent site &hellip; <a href=\"https:\/\/astdaikido.fr\/?page_id=82\" class=\"more-link\">Continue reading<span class=\"screen-reader-text\"> &#8220;Mentions l\u00e9gales&#8221;<\/span><\/a><\/p>\n","protected":false},"author":1,"featured_media":0,"parent":0,"menu_order":2,"comment_status":"closed","ping_status":"closed","template":"","meta":{"footnotes":""},"class_list":["post-82","page","type-page","status-publish","hentry"],"yoast_head":"<!-- This site is optimized with the Yoast SEO plugin v27.2 - https:\/\/yoast.com\/product\/yoast-seo-wordpress\/ -->\n<title>Mentions l\u00e9gales - WordPress<\/title>\n<meta name=\"robots\" content=\"index, follow, max-snippet:-1, max-image-preview:large, max-video-preview:-1\" \/>\n<link rel=\"canonical\" href=\"https:\/\/astdaikido.fr\/?page_id=82\" \/>\n<meta property=\"og:locale\" content=\"en_US\" \/>\n<meta property=\"og:type\" content=\"article\" \/>\n<meta property=\"og:title\" content=\"Mentions l\u00e9gales - WordPress\" \/>\n<meta property=\"og:description\" content=\"Mentions l\u00e9gales Merci de lire avec attention les diff\u00e9rentes modalit\u00e9s d\u2019utilisation du pr\u00e9sent site avant d\u2019en parcourir les pages. En vous connectant sur ce site, vous acceptez, sans r\u00e9serves, les pr\u00e9sentes modalit\u00e9s.&nbsp;Aussi, conform\u00e9ment \u00e0 l\u2019article n\u00b06 de la Loi n\u00b02004-575 du 21 Juin 2004 pour la confiance dans l\u2019\u00e9conomie num\u00e9rique, les responsables du pr\u00e9sent site &hellip; Continue reading &quot;Mentions l\u00e9gales&quot;\" \/>\n<meta property=\"og:url\" content=\"https:\/\/astdaikido.fr\/?page_id=82\" \/>\n<meta property=\"og:site_name\" content=\"WordPress\" \/>\n<meta property=\"article:modified_time\" content=\"2025-08-09T08:40:33+00:00\" \/>\n<meta name=\"twitter:card\" content=\"summary_large_image\" \/>\n<meta name=\"twitter:label1\" content=\"Est. reading time\" \/>\n\t<meta name=\"twitter:data1\" content=\"7 minutes\" \/>\n<script type=\"application\/ld+json\" class=\"yoast-schema-graph\">{\"@context\":\"https:\/\/schema.org\",\"@graph\":[{\"@type\":\"WebPage\",\"@id\":\"https:\/\/astdaikido.fr\/?page_id=82\",\"url\":\"https:\/\/astdaikido.fr\/?page_id=82\",\"name\":\"Mentions l\u00e9gales - WordPress\",\"isPartOf\":{\"@id\":\"https:\/\/astdaikido.fr\/#website\"},\"datePublished\":\"2025-08-09T08:40:28+00:00\",\"dateModified\":\"2025-08-09T08:40:33+00:00\",\"breadcrumb\":{\"@id\":\"https:\/\/astdaikido.fr\/?page_id=82#breadcrumb\"},\"inLanguage\":\"en-US\",\"potentialAction\":[{\"@type\":\"ReadAction\",\"target\":[\"https:\/\/astdaikido.fr\/?page_id=82\"]}]},{\"@type\":\"BreadcrumbList\",\"@id\":\"https:\/\/astdaikido.fr\/?page_id=82#breadcrumb\",\"itemListElement\":[{\"@type\":\"ListItem\",\"position\":1,\"name\":\"Home\",\"item\":\"https:\/\/astdaikido.fr\/\"},{\"@type\":\"ListItem\",\"position\":2,\"name\":\"Mentions l\u00e9gales\"}]},{\"@type\":\"WebSite\",\"@id\":\"https:\/\/astdaikido.fr\/#website\",\"url\":\"https:\/\/astdaikido.fr\/\",\"name\":\"ASTD AIkido\",\"description\":\"\",\"potentialAction\":[{\"@type\":\"SearchAction\",\"target\":{\"@type\":\"EntryPoint\",\"urlTemplate\":\"https:\/\/astdaikido.fr\/?s={search_term_string}\"},\"query-input\":{\"@type\":\"PropertyValueSpecification\",\"valueRequired\":true,\"valueName\":\"search_term_string\"}}],\"inLanguage\":\"en-US\"}]}<\/script>\n<!-- \/ Yoast SEO plugin. -->","yoast_head_json":{"title":"Mentions l\u00e9gales - WordPress","robots":{"index":"index","follow":"follow","max-snippet":"max-snippet:-1","max-image-preview":"max-image-preview:large","max-video-preview":"max-video-preview:-1"},"canonical":"https:\/\/astdaikido.fr\/?page_id=82","og_locale":"en_US","og_type":"article","og_title":"Mentions l\u00e9gales - WordPress","og_description":"Mentions l\u00e9gales Merci de lire avec attention les diff\u00e9rentes modalit\u00e9s d\u2019utilisation du pr\u00e9sent site avant d\u2019en parcourir les pages. En vous connectant sur ce site, vous acceptez, sans r\u00e9serves, les pr\u00e9sentes modalit\u00e9s.&nbsp;Aussi, conform\u00e9ment \u00e0 l\u2019article n\u00b06 de la Loi n\u00b02004-575 du 21 Juin 2004 pour la confiance dans l\u2019\u00e9conomie num\u00e9rique, les responsables du pr\u00e9sent site &hellip; Continue reading \"Mentions l\u00e9gales\"","og_url":"https:\/\/astdaikido.fr\/?page_id=82","og_site_name":"WordPress","article_modified_time":"2025-08-09T08:40:33+00:00","twitter_card":"summary_large_image","twitter_misc":{"Est. reading time":"7 minutes"},"schema":{"@context":"https:\/\/schema.org","@graph":[{"@type":"WebPage","@id":"https:\/\/astdaikido.fr\/?page_id=82","url":"https:\/\/astdaikido.fr\/?page_id=82","name":"Mentions l\u00e9gales - WordPress","isPartOf":{"@id":"https:\/\/astdaikido.fr\/#website"},"datePublished":"2025-08-09T08:40:28+00:00","dateModified":"2025-08-09T08:40:33+00:00","breadcrumb":{"@id":"https:\/\/astdaikido.fr\/?page_id=82#breadcrumb"},"inLanguage":"en-US","potentialAction":[{"@type":"ReadAction","target":["https:\/\/astdaikido.fr\/?page_id=82"]}]},{"@type":"BreadcrumbList","@id":"https:\/\/astdaikido.fr\/?page_id=82#breadcrumb","itemListElement":[{"@type":"ListItem","position":1,"name":"Home","item":"https:\/\/astdaikido.fr\/"},{"@type":"ListItem","position":2,"name":"Mentions l\u00e9gales"}]},{"@type":"WebSite","@id":"https:\/\/astdaikido.fr\/#website","url":"https:\/\/astdaikido.fr\/","name":"ASTD AIkido","description":"","potentialAction":[{"@type":"SearchAction","target":{"@type":"EntryPoint","urlTemplate":"https:\/\/astdaikido.fr\/?s={search_term_string}"},"query-input":{"@type":"PropertyValueSpecification","valueRequired":true,"valueName":"search_term_string"}}],"inLanguage":"en-US"}]}},"_links":{"self":[{"href":"https:\/\/astdaikido.fr\/index.php?rest_route=\/wp\/v2\/pages\/82","targetHints":{"allow":["GET"]}}],"collection":[{"href":"https:\/\/astdaikido.fr\/index.php?rest_route=\/wp\/v2\/pages"}],"about":[{"href":"https:\/\/astdaikido.fr\/index.php?rest_route=\/wp\/v2\/types\/page"}],"author":[{"embeddable":true,"href":"https:\/\/astdaikido.fr\/index.php?rest_route=\/wp\/v2\/users\/1"}],"replies":[{"embeddable":true,"href":"https:\/\/astdaikido.fr\/index.php?rest_route=%2Fwp%2Fv2%2Fcomments&post=82"}],"version-history":[{"count":1,"href":"https:\/\/astdaikido.fr\/index.php?rest_route=\/wp\/v2\/pages\/82\/revisions"}],"predecessor-version":[{"id":94,"href":"https:\/\/astdaikido.fr\/index.php?rest_route=\/wp\/v2\/pages\/82\/revisions\/94"}],"wp:attachment":[{"href":"https:\/\/astdaikido.fr\/index.php?rest_route=%2Fwp%2Fv2%2Fmedia&parent=82"}],"curies":[{"name":"wp","href":"https:\/\/api.w.org\/{rel}","templated":true}]}}